{"id":13,"date":"2017-10-27T16:57:26","date_gmt":"2017-10-27T14:57:26","guid":{"rendered":"https:\/\/localhost:8888\/wordpress\/?page_id=13"},"modified":"2024-03-14T14:01:18","modified_gmt":"2024-03-14T13:01:18","slug":"warum-tecnotrans","status":"publish","type":"page","link":"https:\/\/tecnotrans-sa.com\/es\/proque-tecnotrans\/","title":{"rendered":"\u00bfQui\u00e9nes somos?"},"content":{"rendered":"<section class=\"wpb-content-wrapper\"><p>[vc_row gap=&#8221;10&#8243; equal_height=&#8221;yes&#8221; content_placement=&#8221;top&#8221; css=&#8221;.vc_custom_1513089461491{padding-top: 10px !important;padding-bottom: 0px !important;background-position: center !important;background-repeat: no-repeat !important;background-size: cover !important;}&#8221;][vc_column width=&#8221;1\/2&#8243; set_column_height=&#8221;yes&#8221; column_height=&#8221;540px&#8221; content_placement=&#8221;top&#8221; css=&#8221;.vc_custom_1510334575230{background-position: center !important;background-repeat: no-repeat !important;background-size: cover !important;}&#8221;][vc_column_text]<\/p>\n<h2>Historia<\/h2>\n<p>En 1997, Tecnotrans UG (haftungsbeschr\u00e4nkt) &amp; Co. KG fue fundada por el ingeniero Martin Paulus.<\/p>\n<p>La gama de productos y servicios se extiende a la distribuci\u00f3n internacional de m\u00e1quinas de proceso para la elaboraci\u00f3n de alimentos y sistemas para plantas de aguas residuales y biog\u00e1s, as\u00ed como a su continuo perfeccionamiento. M\u00e1s tarde se a\u00f1adieron soluciones t\u00e9cnicas para el procesamiento de aloe vera desde la materia prima hasta el producto acabado embotellado.<\/p>\n<p>En 2023, la empresa pas\u00f3 a manos de su actual propietario, Michael Steinhorst, tras un a\u00f1o de colaboraci\u00f3n.<\/p>\n<p>La cartera de productos existente se ampli\u00f3 para incluir el procesamiento de la leche.[\/vc_column_text][\/vc_column][vc_column width=&#8221;1\/2&#8243; set_column_height=&#8221;yes&#8221; column_height=&#8221;540px&#8221;][vc_column_text]<\/p>\n<h2>Nuestro equipo de ingenieros<\/h2>\n<p>Ing. Michael Steinhorst\u00a0\u00a0\u00a0\u00a0\u00a0\u00a0\u00a0\u00a0\u00a0\u00a0\u00a0\u00a0\u00a0\u00a0\u00a0\u00a0 Ing. Ximena\u00a0Lara (M.Sc.)<\/p>\n<p><img loading=\"lazy\" decoding=\"async\" class=\"alignnone size-medium wp-image-2691\" src=\"https:\/\/tecnotrans-sa.com\/wp-content\/uploads\/2024\/03\/006A3688-lu-200x300.jpg\" alt=\"\" width=\"200\" height=\"300\" srcset=\"https:\/\/tecnotrans-sa.com\/wp-content\/uploads\/2024\/03\/006A3688-lu-200x300.jpg 200w, https:\/\/tecnotrans-sa.com\/wp-content\/uploads\/2024\/03\/006A3688-lu-683x1024.jpg 683w, https:\/\/tecnotrans-sa.com\/wp-content\/uploads\/2024\/03\/006A3688-lu-768x1152.jpg 768w, https:\/\/tecnotrans-sa.com\/wp-content\/uploads\/2024\/03\/006A3688-lu-1024x1536.jpg 1024w, https:\/\/tecnotrans-sa.com\/wp-content\/uploads\/2024\/03\/006A3688-lu-1365x2048.jpg 1365w, https:\/\/tecnotrans-sa.com\/wp-content\/uploads\/2024\/03\/006A3688-lu-scaled.jpg 1707w\" sizes=\"(max-width: 200px) 100vw, 200px\" \/><img loading=\"lazy\" decoding=\"async\" class=\"alignnone size-medium wp-image-2692\" src=\"https:\/\/tecnotrans-sa.com\/wp-content\/uploads\/2024\/03\/Bild1-200x300.jpg\" alt=\"\" width=\"200\" height=\"300\" srcset=\"https:\/\/tecnotrans-sa.com\/wp-content\/uploads\/2024\/03\/Bild1-200x300.jpg 200w, https:\/\/tecnotrans-sa.com\/wp-content\/uploads\/2024\/03\/Bild1.jpg 535w\" sizes=\"(max-width: 200px) 100vw, 200px\" \/><\/p>\n<p>&nbsp;<\/p>\n<p>&nbsp;<\/p>\n<p>&nbsp;<\/p>\n<p>&nbsp;<\/p>\n<p>&nbsp;<\/p>\n<p>[\/vc_column_text][\/vc_column][\/vc_row][vc_row css=&#8221;.vc_custom_1513002191864{padding-top: 0px !important;padding-bottom: 15px !important;}&#8221;][vc_column][vc_column_text]<\/p>\n<h2>\u00bfPor qu\u00e9 elegir TECNOTRANS ?<\/h2>\n<ul>\n<li>Especializaci\u00f3n durante muchos a\u00f1os en el <b>desarrollo tecnol\u00f3gico<\/b> y cient\u00edfico.<\/li>\n<li>Comercializaci\u00f3n de tecnolog\u00eda avanzada.<\/li>\n<li>Equipos de alta calidad<b> fabricados en Alemania.<\/b><\/li>\n<li>Oferta de una amplia gama de equipos y maquinaria para <b>la grande, mediana y peque\u00f1a industria<\/b>.<\/li>\n<li><b>Garant\u00eda a nivel mundial<\/b> para equipos nuevos y equipos re-manufacturados.<\/li>\n<li>Respuesta a su consulta en <b>su propio idioma<\/b>.<\/li>\n<li><b>Suministro r\u00e1pido de repuestos y refacciones<\/b>.<\/li>\n<li>Amplia experiencia en el <b>suministro puerta a puerta, para todos los pa\u00edses<\/b>.<\/li>\n<li>Fiabilidad en la tramitaci\u00f3n de los pedidos.<\/li>\n<li><b>Clientes satisfechos<\/b> con los servicios de Tecnotrans, son nuestra mejor carta de presentaci\u00f3n (<b>s\u00edrvase solicitar referencias<\/b>).<\/li>\n<li style=\"list-style-type: none;\"><\/li>\n<\/ul>\n<p>[\/vc_column_text][\/vc_column][\/vc_row]<\/p>\n<\/section>","protected":false},"excerpt":{"rendered":"<p>[vc_row gap=&#8221;10&#8243; equal_height=&#8221;yes&#8221; content_placement=&#8221;top&#8221; css=&#8221;.vc_custom_1513089461491{padding-top: 10px !important;padding-bottom: 0px !important;background-position: center !important;background-repeat: no-repeat !important;background-size: cover !important;}&#8221;][vc_column width=&#8221;1\/2&#8243; set_column_height=&#8221;yes&#8221; column_height=&#8221;540px&#8221; content_placement=&#8221;top&#8221; css=&#8221;.vc_custom_1510334575230{background-position: center !important;background-repeat: no-repeat !important;background-size: cover !important;}&#8221;][vc_column_text] Historia En 1997, Tecnotrans &#8230;<\/p>\n","protected":false},"author":3,"featured_media":24,"parent":0,"menu_order":0,"comment_status":"closed","ping_status":"closed","template":"","meta":{"footnotes":""},"class_list":["post-13","page","type-page","status-publish","has-post-thumbnail","hentry"],"translation":{"provider":"WPGlobus","version":"3.0.2","language":"es","enabled_languages":["de","en","es"],"languages":{"de":{"title":true,"content":true,"excerpt":false},"en":{"title":true,"content":true,"excerpt":false},"es":{"title":true,"content":true,"excerpt":false}}},"_links":{"self":[{"href":"https:\/\/tecnotrans-sa.com\/es\/wp-json\/wp\/v2\/pages\/13"}],"collection":[{"href":"https:\/\/tecnotrans-sa.com\/es\/wp-json\/wp\/v2\/pages"}],"about":[{"href":"https:\/\/tecnotrans-sa.com\/es\/wp-json\/wp\/v2\/types\/page"}],"author":[{"embeddable":true,"href":"https:\/\/tecnotrans-sa.com\/es\/wp-json\/wp\/v2\/users\/3"}],"replies":[{"embeddable":true,"href":"https:\/\/tecnotrans-sa.com\/es\/wp-json\/wp\/v2\/comments?post=13"}],"version-history":[{"count":70,"href":"https:\/\/tecnotrans-sa.com\/es\/wp-json\/wp\/v2\/pages\/13\/revisions"}],"predecessor-version":[{"id":2698,"href":"https:\/\/tecnotrans-sa.com\/es\/wp-json\/wp\/v2\/pages\/13\/revisions\/2698"}],"wp:featuredmedia":[{"embeddable":true,"href":"https:\/\/tecnotrans-sa.com\/es\/wp-json\/wp\/v2\/media\/24"}],"wp:attachment":[{"href":"https:\/\/tecnotrans-sa.com\/es\/wp-json\/wp\/v2\/media?parent=13"}],"curies":[{"name":"wp","href":"https:\/\/api.w.org\/{rel}","templated":true}]}}