{"id":1382,"date":"2017-11-10T10:55:33","date_gmt":"2017-11-10T09:55:33","guid":{"rendered":"https:\/\/tecnotrans-sa.com\/?page_id=1382"},"modified":"2023-08-04T10:24:24","modified_gmt":"2023-08-04T08:24:24","slug":"hygienestationen","status":"publish","type":"page","link":"https:\/\/tecnotrans-sa.com\/es\/productos\/higiene_industrial\/","title":{"rendered":"Higiene industrial"},"content":{"rendered":"<section class=\"wpb-content-wrapper\"><p>[vc_row][vc_column width=&#8221;2\/3&#8243;][vc_column_text]<span class=\"md-line md-end-block md-focus\"><span class=\"md-expand\">La industria alimentaria de hoy en d\u00eda tiene que cumplir con los m\u00e1s altos est\u00e1ndares de higiene con respecto a las instalaciones de producci\u00f3n, el personal y todo el equipo que entra en contacto con los alimentos.<\/span><\/span><\/p>\n<p><span class=\"md-line md-end-block md-focus\">Ofrecemos soluciones para estos desaf\u00edos en el \u00e1rea de la higiene personal y operativa y lo apoyamos con nuestro asesoramiento.<\/span>[\/vc_column_text][\/vc_column][vc_column width=&#8221;1\/3&#8243;][vc_single_image image=&#8221;1860&#8243; img_size=&#8221;medium&#8221;][\/vc_column][\/vc_row]<\/p>\n<\/section>","protected":false},"excerpt":{"rendered":"<p>[vc_row][vc_column width=&#8221;2\/3&#8243;][vc_column_text]La industria alimentaria de hoy en d\u00eda tiene que cumplir con los m\u00e1s altos est\u00e1ndares de higiene con respecto a las instalaciones de producci\u00f3n, el personal y todo el &#8230;<\/p>\n","protected":false},"author":3,"featured_media":165,"parent":25,"menu_order":0,"comment_status":"closed","ping_status":"closed","template":"","meta":{"footnotes":""},"class_list":["post-1382","page","type-page","status-publish","has-post-thumbnail","hentry"],"translation":{"provider":"WPGlobus","version":"3.0.2","language":"es","enabled_languages":["de","en","es"],"languages":{"de":{"title":true,"content":true,"excerpt":false},"en":{"title":true,"content":true,"excerpt":false},"es":{"title":true,"content":true,"excerpt":false}}},"_links":{"self":[{"href":"https:\/\/tecnotrans-sa.com\/es\/wp-json\/wp\/v2\/pages\/1382"}],"collection":[{"href":"https:\/\/tecnotrans-sa.com\/es\/wp-json\/wp\/v2\/pages"}],"about":[{"href":"https:\/\/tecnotrans-sa.com\/es\/wp-json\/wp\/v2\/types\/page"}],"author":[{"embeddable":true,"href":"https:\/\/tecnotrans-sa.com\/es\/wp-json\/wp\/v2\/users\/3"}],"replies":[{"embeddable":true,"href":"https:\/\/tecnotrans-sa.com\/es\/wp-json\/wp\/v2\/comments?post=1382"}],"version-history":[{"count":9,"href":"https:\/\/tecnotrans-sa.com\/es\/wp-json\/wp\/v2\/pages\/1382\/revisions"}],"predecessor-version":[{"id":2576,"href":"https:\/\/tecnotrans-sa.com\/es\/wp-json\/wp\/v2\/pages\/1382\/revisions\/2576"}],"up":[{"embeddable":true,"href":"https:\/\/tecnotrans-sa.com\/es\/wp-json\/wp\/v2\/pages\/25"}],"wp:featuredmedia":[{"embeddable":true,"href":"https:\/\/tecnotrans-sa.com\/es\/wp-json\/wp\/v2\/media\/165"}],"wp:attachment":[{"href":"https:\/\/tecnotrans-sa.com\/es\/wp-json\/wp\/v2\/media?parent=1382"}],"curies":[{"name":"wp","href":"https:\/\/api.w.org\/{rel}","templated":true}]}}