{"id":1560,"date":"2017-11-20T11:35:17","date_gmt":"2017-11-20T10:35:17","guid":{"rendered":"https:\/\/tecnotrans-sa.com\/?page_id=1560"},"modified":"2023-08-04T10:30:45","modified_gmt":"2023-08-04T08:30:45","slug":"gebrauchte-maschinen","status":"publish","type":"page","link":"https:\/\/tecnotrans-sa.com\/es\/productos\/equipos_usados\/","title":{"rendered":"Equipos usados"},"content":{"rendered":"<section class=\"wpb-content-wrapper\"><p>[vc_row gap=&#8221;15&#8243; css=&#8221;.vc_custom_1513002080279{padding-bottom: 15px !important;}&#8221;][vc_column width=&#8221;1\/2&#8243;][vc_column_text]La adquisici\u00f3n de m\u00e1quinas usadas y\/o reacondicionadas es particularmente econ\u00f3mica. <strong>Vendemos m\u00e1quinas usadas, las cuales se someten a una revisi\u00f3n general antes de la venta y que van acompa\u00f1adas de una garant\u00eda de funcionamiento.<\/strong> Estas m\u00e1quinas tienen una larga vida \u00fatil y un precio muy por debajo del precio de una m\u00e1quina nueva:<\/p>\n<ul>\n<li><strong>Descortezadoras<\/strong><\/li>\n<li><strong>Desmembradoras<\/strong><\/li>\n<li><strong>Rebanadoras<\/strong><\/li>\n<li><strong>Tumblers<\/strong><\/li>\n<li><strong>Inyectores<\/strong><\/li>\n<li><strong>M\u00e1quinas peladoras de pescado<\/strong><\/li>\n<li><strong>Separadores<\/strong><\/li>\n<li><strong>M\u00e1quinas productoras de hielo en escarchas \/ escamas<\/strong><\/li>\n<li><strong>Cubicadoras<\/strong><\/li>\n<\/ul>\n<p>Suministramos m\u00e1quinas usadas de todas las marcas, como BAADER, BIZERBA, CRETEL, GRASSELLI, MAJA, NOCK, MHS, TREIF, G\u00dcNTHER, R\u00dcHLE, WEBER, STEEN, SEPAMATIC, VAKONA, y muchas m\u00e1s &#8230;..<\/p>\n<p>Debido a que la disponibilidad de las m\u00e1quinas usadas var\u00eda, sirvase de enviarnos su solicitud para que podamos verificar si la m\u00e1quina deseada est\u00e1 en stock.[\/vc_column_text][\/vc_column][vc_column width=&#8221;1\/2&#8243;][vc_gallery type=&#8221;flexslider_slide&#8221; interval=&#8221;3&#8243; images=&#8221;1777,1778,1779,1780,1895,1896,1897,1898,1899&#8243; img_size=&#8221;large&#8221;][\/vc_column][\/vc_row]<\/p>\n<\/section>","protected":false},"excerpt":{"rendered":"<p>[vc_row gap=&#8221;15&#8243; css=&#8221;.vc_custom_1513002080279{padding-bottom: 15px !important;}&#8221;][vc_column width=&#8221;1\/2&#8243;][vc_column_text]La adquisici\u00f3n de m\u00e1quinas usadas y\/o reacondicionadas es particularmente econ\u00f3mica. Vendemos m\u00e1quinas usadas, las cuales se someten a una revisi\u00f3n general antes de la venta &#8230;<\/p>\n","protected":false},"author":3,"featured_media":1741,"parent":25,"menu_order":0,"comment_status":"closed","ping_status":"closed","template":"","meta":{"footnotes":""},"class_list":["post-1560","page","type-page","status-publish","has-post-thumbnail","hentry"],"translation":{"provider":"WPGlobus","version":"3.0.2","language":"es","enabled_languages":["de","en","es"],"languages":{"de":{"title":true,"content":true,"excerpt":false},"en":{"title":true,"content":true,"excerpt":false},"es":{"title":true,"content":true,"excerpt":false}}},"_links":{"self":[{"href":"https:\/\/tecnotrans-sa.com\/es\/wp-json\/wp\/v2\/pages\/1560"}],"collection":[{"href":"https:\/\/tecnotrans-sa.com\/es\/wp-json\/wp\/v2\/pages"}],"about":[{"href":"https:\/\/tecnotrans-sa.com\/es\/wp-json\/wp\/v2\/types\/page"}],"author":[{"embeddable":true,"href":"https:\/\/tecnotrans-sa.com\/es\/wp-json\/wp\/v2\/users\/3"}],"replies":[{"embeddable":true,"href":"https:\/\/tecnotrans-sa.com\/es\/wp-json\/wp\/v2\/comments?post=1560"}],"version-history":[{"count":16,"href":"https:\/\/tecnotrans-sa.com\/es\/wp-json\/wp\/v2\/pages\/1560\/revisions"}],"predecessor-version":[{"id":2586,"href":"https:\/\/tecnotrans-sa.com\/es\/wp-json\/wp\/v2\/pages\/1560\/revisions\/2586"}],"up":[{"embeddable":true,"href":"https:\/\/tecnotrans-sa.com\/es\/wp-json\/wp\/v2\/pages\/25"}],"wp:featuredmedia":[{"embeddable":true,"href":"https:\/\/tecnotrans-sa.com\/es\/wp-json\/wp\/v2\/media\/1741"}],"wp:attachment":[{"href":"https:\/\/tecnotrans-sa.com\/es\/wp-json\/wp\/v2\/media?parent=1560"}],"curies":[{"name":"wp","href":"https:\/\/api.w.org\/{rel}","templated":true}]}}