{"id":2,"date":"2017-10-27T13:35:22","date_gmt":"2017-10-27T11:35:22","guid":{"rendered":"https:\/\/localhost:8888\/wordpress\/?page_id=2"},"modified":"2024-03-14T16:18:23","modified_gmt":"2024-03-14T15:18:23","slug":"beispiel-seite","status":"publish","type":"page","link":"https:\/\/tecnotrans-sa.com\/es\/","title":{"rendered":"Inicio"},"content":{"rendered":"<section class=\"wpb-content-wrapper\"><p>[vc_row][vc_column][vc_column_text][\/vc_column_text][\/vc_column][\/vc_row][vc_row css=&#8221;.vc_custom_1511356315034{padding-top: 10px !important;padding-bottom: 15px !important;background-color: #ffffff !important;}&#8221;][vc_column width=&#8221;2\/3&#8243;][vc_column_text]TECNOTRANS fue fundada en 1997 y est\u00e1 dedicada al comercio internacional con \u00e9nfasis en el sector Industrial.<\/p>\n<p>La sede de TECNOTRANS est\u00e1 ubicada en <strong>Alemania <\/strong>y constituye un eslab\u00f3n intermediario entre su empresa y el mercado de consumo y\/o mercado de abastecimiento.<\/p>\n<p>Nuestra \u00e1rea de negocios est\u00e1 centrada en la comercializaci\u00f3n y exportaci\u00f3n de maquinarias para la industria alimenticia dedicada al procesamiento de carne, pescado y vegetales y mas para plantas de biogas y plantas agroindustrial.<\/p>\n<p>Realizamos estudios y an\u00e1lisis de necesidades de \u00edndole t\u00e9cnico in situ, elaboramos conceptos de soluciones y le facilitamos el acceso a un amplio mercado de tecnolog\u00edas avanzadas en las siguientes \u00e1reas:<\/p>\n<ul>\n<li><strong>Suministro de maquinarias para la industria alimenticia y la agroindustria<br \/>\n<\/strong><\/li>\n<li><strong>Construcci\u00f3n de plantas<\/strong><\/li>\n<li><strong>Ingenier\u00eda de procesos<\/strong><\/li>\n<\/ul>\n<p>Mantenemos un estrecho intercambio con nuestros fabricantes garantizando as\u00ed soluciones individualizadas y una tramitaci\u00f3n pronta y eficaz de su pedido.<\/p>\n<p>Nuestros productos son enviados a nivel munidal tanto por v\u00eda terrestre como por v\u00eda a\u00e9rea y mar\u00edtima en embalaje de alta calidad garantizando as\u00ed un transporte seguro. Adicionalmente nos encargamos de efectuar los tr\u00e1mites aduaneros y estamos en condiciones, tambi\u00e9n en el extranjero, de suministrarle <strong>puerta a puerta las tecnolog\u00edas apropiadas<\/strong>, desde el instrumento m\u00e1s sencillo, hasta las grandes plantas \u00a0industriales.<\/p>\n<p><strong>\u00a0<\/strong>[\/vc_column_text][\/vc_column][vc_column width=&#8221;1\/3&#8243;][vc_single_image image=&#8221;2463&#8243; img_size=&#8221;full&#8221; add_caption=&#8221;yes&#8221; alignment=&#8221;center&#8221; style=&#8221;vc_box_shadow_border&#8221;][vc_single_image image=&#8221;1618&#8243; img_size=&#8221;large&#8221; alignment=&#8221;center&#8221; style=&#8221;vc_box_shadow_border&#8221; css=&#8221;.vc_custom_1511966715971{padding-top: 10px !important;}&#8221;][\/vc_column][\/vc_row][vc_row full_width=&#8221;stretch_row&#8221; gap=&#8221;30&#8243; equal_height=&#8221;yes&#8221; css=&#8221;.vc_custom_1511444124963{padding-top: 25px !important;padding-bottom: 25px !important;background-color: #f5f5f5 !important;}&#8221;][vc_column width=&#8221;1\/2&#8243; animate=&#8221;yes&#8221; transition=&#8221;fadeInLeft&#8221; duration=&#8221;500ms&#8221; css=&#8221;.vc_custom_1509171694719{padding-top: 50px !important;padding-bottom: 40px !important;background-color: #ffffff !important;}&#8221;][vc_column_text]<\/p>\n<h3 style=\"text-align: center;\">Procesameinto de alimentos<\/h3>\n<p>[\/vc_column_text][vc_btn title=&#8221;M\u00e1s&#8221; style=&#8221;flat&#8221; shape=&#8221;square&#8221; align=&#8221;center&#8221; link=&#8221;url:%2Fes%2Fproductos%2Fprocesamiento_de_alimentos%2F|title:Procesameinto%20de%20alimentos&#8221;][\/vc_column][vc_column width=&#8221;1\/2&#8243; animate=&#8221;yes&#8221; transition=&#8221;fadeInRight&#8221; duration=&#8221;500ms&#8221; css=&#8221;.vc_custom_1509171598419{padding-top: 50px !important;padding-bottom: 40px !important;padding-left: 25px !important;background-color: #ffffff !important;}&#8221;][vc_column_text]<\/p>\n<h3 style=\"text-align: center;\">Tratamiento de aguas residuales<\/h3>\n<p>[\/vc_column_text][vc_btn title=&#8221;M\u00e1s&#8221; style=&#8221;flat&#8221; shape=&#8221;square&#8221; align=&#8221;center&#8221; link=&#8221;url:%2Fes%2Fproductos%2Ftratamiento_de_aguas_residuales%2F|title:Tratamiento%20de%20aguas%20residuales&#8221;][\/vc_column][\/vc_row][vc_column][\/vc_column]<\/p>\n<\/section>","protected":false},"excerpt":{"rendered":"<p>[vc_row][vc_column][vc_column_text][\/vc_column_text][\/vc_column][\/vc_row][vc_row css=&#8221;.vc_custom_1511356315034{padding-top: 10px !important;padding-bottom: 15px !important;background-color: #ffffff !important;}&#8221;][vc_column width=&#8221;2\/3&#8243;][vc_column_text]TECNOTRANS fue fundada en 1997 y est\u00e1 dedicada al comercio internacional con \u00e9nfasis en el sector Industrial. La sede de TECNOTRANS est\u00e1 &#8230;<\/p>\n","protected":false},"author":3,"featured_media":24,"parent":0,"menu_order":0,"comment_status":"closed","ping_status":"open","template":"","meta":{"footnotes":""},"class_list":["post-2","page","type-page","status-publish","has-post-thumbnail","hentry"],"translation":{"provider":"WPGlobus","version":"3.0.2","language":"es","enabled_languages":["de","en","es"],"languages":{"de":{"title":true,"content":true,"excerpt":false},"en":{"title":true,"content":true,"excerpt":false},"es":{"title":true,"content":true,"excerpt":false}}},"_links":{"self":[{"href":"https:\/\/tecnotrans-sa.com\/es\/wp-json\/wp\/v2\/pages\/2"}],"collection":[{"href":"https:\/\/tecnotrans-sa.com\/es\/wp-json\/wp\/v2\/pages"}],"about":[{"href":"https:\/\/tecnotrans-sa.com\/es\/wp-json\/wp\/v2\/types\/page"}],"author":[{"embeddable":true,"href":"https:\/\/tecnotrans-sa.com\/es\/wp-json\/wp\/v2\/users\/3"}],"replies":[{"embeddable":true,"href":"https:\/\/tecnotrans-sa.com\/es\/wp-json\/wp\/v2\/comments?post=2"}],"version-history":[{"count":147,"href":"https:\/\/tecnotrans-sa.com\/es\/wp-json\/wp\/v2\/pages\/2\/revisions"}],"predecessor-version":[{"id":2717,"href":"https:\/\/tecnotrans-sa.com\/es\/wp-json\/wp\/v2\/pages\/2\/revisions\/2717"}],"wp:featuredmedia":[{"embeddable":true,"href":"https:\/\/tecnotrans-sa.com\/es\/wp-json\/wp\/v2\/media\/24"}],"wp:attachment":[{"href":"https:\/\/tecnotrans-sa.com\/es\/wp-json\/wp\/v2\/media?parent=2"}],"curies":[{"name":"wp","href":"https:\/\/api.w.org\/{rel}","templated":true}]}}