{"id":25,"date":"2017-10-27T17:03:17","date_gmt":"2017-10-27T15:03:17","guid":{"rendered":"https:\/\/localhost:8888\/wordpress\/?page_id=25"},"modified":"2023-08-04T09:44:24","modified_gmt":"2023-08-04T07:44:24","slug":"produkte","status":"publish","type":"page","link":"https:\/\/tecnotrans-sa.com\/es\/productos\/","title":{"rendered":"Productos"},"content":{"rendered":"<section class=\"wpb-content-wrapper\"><p>[vc_row css=&#8221;.vc_custom_1511875790062{padding-top: 45px !important;padding-bottom: 0px !important;}&#8221;][vc_column][vc_column_text]Suministramos una amplia gama de maquinaria y equipos de diferentes marcas para el procesamiento de alimentos. Para la entrega de una sola m\u00e1quina a la construcci\u00f3n de una l\u00ednea de procesamiento completa, le ofrecemos nuestros conocimientos basados en la experiencia de ingenier\u00eda a largo plazo.[\/vc_column_text][\/vc_column][\/vc_row][vc_row gap=&#8221;15&#8243; equal_height=&#8221;yes&#8221; css=&#8221;.vc_custom_1511875780096{padding-top: 0px !important;padding-bottom: 0px !important;}&#8221;][vc_column width=&#8221;1\/3&#8243;][vc_column_text]<\/p>\n<h2><a style=\"color: #000000;\" href=\"https:\/\/tecnotrans-sa.com\/es\/productos\/procesamiento_de_alimentos\/\">Procesamiento de alimentos<\/a><\/h2>\n<p>[\/vc_column_text][\/vc_column][vc_column width=&#8221;1\/3&#8243;][vc_column_text]<\/p>\n<h2><a style=\"color: #000000;\" href=\"https:\/\/tecnotrans-sa.com\/es\/productos\/higiene_industrial\/\">Higiene industrial<\/a><\/h2>\n<p>[\/vc_column_text][\/vc_column][vc_column width=&#8221;1\/3&#8243;][vc_column_text]<\/p>\n<h2><a style=\"color: #000000;\" href=\"https:\/\/tecnotrans-sa.com\/es\/productos\/tratamiento_de_aguas_residuales\/\">Tratamiento de aguas residuales<\/a><\/h2>\n<p>[\/vc_column_text][\/vc_column][\/vc_row][vc_row gap=&#8221;15&#8243; equal_height=&#8221;yes&#8221; css=&#8221;.vc_custom_1511445176406{padding-top: 15px !important;}&#8221;][vc_column width=&#8221;1\/3&#8243;][vc_column_text]<\/p>\n<h2><a style=\"color: #000000;\" href=\"https:\/\/tecnotrans-sa.com\/es\/productos\/equipos_usados\/\">Equipos usados<\/a><\/h2>\n<p>[\/vc_column_text][\/vc_column][vc_column width=&#8221;1\/3&#8243;][vc_column_text]<\/p>\n<h2><a style=\"color: #000000;\" href=\"https:\/\/tecnotrans-sa.com\/es\/productos\/pietas_de_repuesto\/\">Piezas de repuesto \/ recambio<\/a><\/h2>\n<p>[\/vc_column_text][\/vc_column][\/vc_row][vc_row][vc_column][vc_column_text][\/vc_column_text][\/vc_column][\/vc_row]<\/p>\n<\/section>","protected":false},"excerpt":{"rendered":"<p>[vc_row css=&#8221;.vc_custom_1511875790062{padding-top: 45px !important;padding-bottom: 0px !important;}&#8221;][vc_column][vc_column_text]Suministramos una amplia gama de maquinaria y equipos de diferentes marcas para el procesamiento de alimentos. Para la entrega de una sola m\u00e1quina a la &#8230;<\/p>\n","protected":false},"author":3,"featured_media":24,"parent":0,"menu_order":0,"comment_status":"closed","ping_status":"closed","template":"","meta":{"footnotes":""},"class_list":["post-25","page","type-page","status-publish","has-post-thumbnail","hentry"],"translation":{"provider":"WPGlobus","version":"3.0.2","language":"es","enabled_languages":["de","en","es"],"languages":{"de":{"title":true,"content":true,"excerpt":false},"en":{"title":true,"content":true,"excerpt":false},"es":{"title":true,"content":true,"excerpt":false}}},"_links":{"self":[{"href":"https:\/\/tecnotrans-sa.com\/es\/wp-json\/wp\/v2\/pages\/25"}],"collection":[{"href":"https:\/\/tecnotrans-sa.com\/es\/wp-json\/wp\/v2\/pages"}],"about":[{"href":"https:\/\/tecnotrans-sa.com\/es\/wp-json\/wp\/v2\/types\/page"}],"author":[{"embeddable":true,"href":"https:\/\/tecnotrans-sa.com\/es\/wp-json\/wp\/v2\/users\/3"}],"replies":[{"embeddable":true,"href":"https:\/\/tecnotrans-sa.com\/es\/wp-json\/wp\/v2\/comments?post=25"}],"version-history":[{"count":99,"href":"https:\/\/tecnotrans-sa.com\/es\/wp-json\/wp\/v2\/pages\/25\/revisions"}],"predecessor-version":[{"id":2544,"href":"https:\/\/tecnotrans-sa.com\/es\/wp-json\/wp\/v2\/pages\/25\/revisions\/2544"}],"wp:featuredmedia":[{"embeddable":true,"href":"https:\/\/tecnotrans-sa.com\/es\/wp-json\/wp\/v2\/media\/24"}],"wp:attachment":[{"href":"https:\/\/tecnotrans-sa.com\/es\/wp-json\/wp\/v2\/media?parent=25"}],"curies":[{"name":"wp","href":"https:\/\/api.w.org\/{rel}","templated":true}]}}