{"id":27,"date":"2017-10-27T17:03:35","date_gmt":"2017-10-27T15:03:35","guid":{"rendered":"https:\/\/localhost:8888\/wordpress\/?page_id=27"},"modified":"2025-05-20T12:41:12","modified_gmt":"2025-05-20T10:41:12","slug":"abwasserbehandlung","status":"publish","type":"page","link":"https:\/\/tecnotrans-sa.com\/es\/productos\/tratamiento_de_aguas_residuales\/","title":{"rendered":"Tratamiento de aguas residuales"},"content":{"rendered":"<section class=\"wpb-content-wrapper\"><p>[vc_row css=&#8221;.vc_custom_1511445223479{padding-top: 45px !important;padding-bottom: 15px !important;}&#8221;][vc_column][vc_column_text]<span class=\"md-line md-end-block md-focus\"><span class=\"md-expand\">Tratamiento de aguas residuales<\/span><\/span><\/p>\n<p><span class=\"md-line md-end-block\"><span class=\"\">Las aguas residuales de la industria de procesamiento de alimentos causan una multitud de problemas. La descarga directa de aguas residuales no tratadas al sistema de alcantarillado p\u00fablico no es permitida.<\/span><\/span><\/p>\n<p><span class=\"md-line md-end-block\">Es por eso que es necesario un tratamiento previo de las aguas residuales.<\/span><\/p>\n<p><span class=\"md-line md-end-block\"><span class=\"\"><strong>Tecnotrans se enfoca en el tratamiento de aguas residuales principalmente de aguas residuales altamente contaminadas por:<\/strong><\/span><\/span><\/p>\n<ul>\n<li><span class=\"md-line md-end-block\"><span class=\"\"><strong>Plantas de procesamiento de frutas y vegetales<\/strong><\/span><\/span><\/li>\n<li><span class=\"md-line md-end-block\"><span class=\"\"><strong>Mataderos <\/strong><\/span><\/span><\/li>\n<li><span class=\"md-line md-end-block\"><span class=\"\"><strong>Envasadores de carne<\/strong><\/span><\/span><\/li>\n<li><span class=\"md-line md-end-block\"><span class=\"\"><strong>Cervecer\u00edas y destiler\u00edas<\/strong><\/span><\/span><\/li>\n<\/ul>\n<p><span class=\"md-line md-end-block\">Nuestra ingenier\u00eda de procesos se enfoca en la eliminaci\u00f3n de s\u00f3lidos as\u00ed como de grasas y aceites de las aguas residuales.<\/span><\/p>\n<p><span class=\"md-line md-end-block\">Para se utilzan prensas de tornillo sinfin, filtros industriales, decantadores (centr\u00edfugas) y sistemas de flotaci\u00f3n (DAF) para mejorar la calidad del agua residual y garantizar el cumplimiento de las normas vigentes del tratamiento de aguas residuales.<\/span>[\/vc_column_text][\/vc_column][\/vc_row][vc_row gap=&#8221;15&#8243; equal_height=&#8221;yes&#8221; css=&#8221;.vc_custom_1511782958693{padding-top: 0px !important;padding-bottom: 15px !important;}&#8221;][vc_column width=&#8221;1\/3&#8243; css=&#8221;.vc_custom_1510314080386{background-color: #efefef !important;}&#8221;][vc_column_text]<\/p>\n<h3 style=\"text-align: center;\"><a href=\"https:\/\/tecnotrans-sa.com\/es\/productos\/tratamiento_de_aguas_residuales\/prensas-de-tornillo-sinfin\/\">Prensas de tornillo sinfin<\/a><\/h3>\n<p>[\/vc_column_text][\/vc_column][vc_column width=&#8221;1\/3&#8243; css=&#8221;.vc_custom_1510314087415{background-color: #efefef !important;}&#8221;][vc_column_text css=&#8221;.vc_custom_1747737660037{background-color: #efefef !important;}&#8221;]<\/p>\n<h3 style=\"text-align: center;\">Agitadores Sumergibles<\/h3>\n<p>[\/vc_column_text][\/vc_column][vc_column width=&#8221;1\/3&#8243; css=&#8221;.vc_custom_1511783007329{background-color: #efefef !important;}&#8221;][vc_column_text]<\/p>\n<h3 style=\"text-align: center;\"><a href=\"https:\/\/tecnotrans-sa.com\/es\/productos\/tratamiento_de_aguas_residuales\/bombas-sumergibles\/\" data-scroll=\"true\">Bombas Sumergibles<\/a><\/h3>\n<p>[\/vc_column_text][\/vc_column][\/vc_row][vc_column][\/vc_column]<\/p>\n<\/section>","protected":false},"excerpt":{"rendered":"<p>[vc_row css=&#8221;.vc_custom_1511445223479{padding-top: 45px !important;padding-bottom: 15px !important;}&#8221;][vc_column][vc_column_text]Tratamiento de aguas residuales Las aguas residuales de la industria de procesamiento de alimentos causan una multitud de problemas. La descarga directa de aguas residuales &#8230;<\/p>\n","protected":false},"author":3,"featured_media":167,"parent":25,"menu_order":0,"comment_status":"closed","ping_status":"closed","template":"","meta":{"footnotes":""},"class_list":["post-27","page","type-page","status-publish","has-post-thumbnail","hentry"],"translation":{"provider":"WPGlobus","version":"3.0.2","language":"es","enabled_languages":["de","en","es"],"languages":{"de":{"title":true,"content":true,"excerpt":false},"en":{"title":true,"content":true,"excerpt":false},"es":{"title":true,"content":true,"excerpt":false}}},"_links":{"self":[{"href":"https:\/\/tecnotrans-sa.com\/es\/wp-json\/wp\/v2\/pages\/27"}],"collection":[{"href":"https:\/\/tecnotrans-sa.com\/es\/wp-json\/wp\/v2\/pages"}],"about":[{"href":"https:\/\/tecnotrans-sa.com\/es\/wp-json\/wp\/v2\/types\/page"}],"author":[{"embeddable":true,"href":"https:\/\/tecnotrans-sa.com\/es\/wp-json\/wp\/v2\/users\/3"}],"replies":[{"embeddable":true,"href":"https:\/\/tecnotrans-sa.com\/es\/wp-json\/wp\/v2\/comments?post=27"}],"version-history":[{"count":51,"href":"https:\/\/tecnotrans-sa.com\/es\/wp-json\/wp\/v2\/pages\/27\/revisions"}],"predecessor-version":[{"id":2766,"href":"https:\/\/tecnotrans-sa.com\/es\/wp-json\/wp\/v2\/pages\/27\/revisions\/2766"}],"up":[{"embeddable":true,"href":"https:\/\/tecnotrans-sa.com\/es\/wp-json\/wp\/v2\/pages\/25"}],"wp:featuredmedia":[{"embeddable":true,"href":"https:\/\/tecnotrans-sa.com\/es\/wp-json\/wp\/v2\/media\/167"}],"wp:attachment":[{"href":"https:\/\/tecnotrans-sa.com\/es\/wp-json\/wp\/v2\/media?parent=27"}],"curies":[{"name":"wp","href":"https:\/\/api.w.org\/{rel}","templated":true}]}}