{"id":8,"date":"2017-10-27T16:54:13","date_gmt":"2017-10-27T14:54:13","guid":{"rendered":"https:\/\/localhost:8888\/wordpress\/?page_id=8"},"modified":"2023-08-04T11:00:07","modified_gmt":"2023-08-04T09:00:07","slug":"referenzen","status":"publish","type":"page","link":"https:\/\/tecnotrans-sa.com\/es\/referencias\/","title":{"rendered":"Referencias"},"content":{"rendered":"<section class=\"wpb-content-wrapper\"><p>[vc_row full_width=&#8221;stretch_row&#8221; css=&#8221;.vc_custom_1513089644037{padding-top: 50px !important;padding-bottom: 20px !important;}&#8221;][vc_column][vc_column_text]<\/p>\n<h2 class=\"main-title title \">Referencias<\/h2>\n<p>[\/vc_column_text][vc_row_inner equal_height=&#8221;yes&#8221; gap=&#8221;15&#8243; css=&#8221;.vc_custom_1511876613964{padding-top: 0px !important;padding-bottom: 0px !important;}&#8221;][vc_column_inner width=&#8221;1\/2&#8243; css=&#8221;.vc_custom_1511443652496{background-color: #f5f5f5 !important;}&#8221;][vc_column_text]<\/p>\n<h4>Beske &amp; Partner \/ Planta procesadora de papas y vegetales<\/h4>\n<h5><img loading=\"lazy\" decoding=\"async\" class=\"alignleft size-full wp-image-1340\" src=\"\/wp-content\/uploads\/2017\/10\/germany.png.png\" alt=\"\" width=\"40\" height=\"24\" \/>Stralsund, Alemania<\/h5>\n<p>El agua del proceso de pelado de papas y zanahorias es conducida directamente al separador de s\u00f3lidos. Equipada con un filtro de precisi\u00f3n muy fino, la m\u00e1quina separa y deshidrata simultaneamente las micro p\u00e1rticulas as\u00ed como tambi\u00e9n la fracci\u00f3n gruesa presentes en el l\u00edquido. Los s\u00f3lidos separados son descargados en forma seca del equipo.[\/vc_column_text][\/vc_column_inner][vc_column_inner width=&#8221;1\/2&#8243; css=&#8221;.vc_custom_1511443631682{background-color: #f5f5f5 !important;}&#8221;][vc_column_text]<\/p>\n<h4>Natural Aloe de Costa Rica<\/h4>\n<h5><img loading=\"lazy\" decoding=\"async\" class=\"alignleft size-full wp-image-1340\" src=\"\/wp-content\/uploads\/2017\/11\/200px-Flag_of_Costa_Rica.svg.png\" alt=\"\" width=\"40\" height=\"24\" \/>Guanacaste, Costa Rica<\/h5>\n<p>Productor varios productos de alta calidad de Aloe Vera como por ejemplo el concentrado, gel puro y polvo de Aloe Vera. Tecnotrans ha instalado un equipo autom\u00e1tico de corte en cuadritos de alta eficiencia para filetes de Aloe Vera.<\/p>\n<p>La m\u00e1quina corta dados min\u00fasculos exactos de 4 x 4 mm de la pulpa con una capacidad de aprox. 500 kg \/ h. El producto obtenido se mezclar\u00e1 en jugo natural o en yogur.[\/vc_column_text][\/vc_column_inner][\/vc_row_inner][vc_row_inner equal_height=&#8221;yes&#8221; gap=&#8221;15&#8243; css=&#8221;.vc_custom_1511876613964{padding-top: 0px !important;padding-bottom: 0px !important;}&#8221;][vc_column_inner width=&#8221;1\/2&#8243; css=&#8221;.vc_custom_1511443652496{background-color: #f5f5f5 !important;}&#8221;][vc_column_text]<\/p>\n<h4>Solid Trust<\/h4>\n<h5><img loading=\"lazy\" decoding=\"async\" class=\"alignleft size-full wp-image-1340\" src=\"\/wp-content\/uploads\/2017\/11\/200px-Flag_of_Cyprus.svg.png\" alt=\"\" width=\"40\" height=\"24\" \/>Lanarca, Chipre<\/h5>\n<p>L\u00ednea completa de procesamiento de Aloe Vera, desde pelado hasta trituraci\u00f3n, estabilizaci\u00f3n y embotellamiento del gel l\u00edquido.[\/vc_column_text][\/vc_column_inner][vc_column_inner width=&#8221;1\/2&#8243; css=&#8221;.vc_custom_1511443658964{background-color: #f5f5f5 !important;}&#8221;][vc_column_text]<\/p>\n<h4>Marine Harvest<\/h4>\n<h5><img loading=\"lazy\" decoding=\"async\" class=\"alignleft size-full wp-image-1340\" src=\"\/wp-content\/uploads\/2017\/11\/200px-Flag_of_Chile.svg.png\" alt=\"\" width=\"40\" height=\"24\" \/>Puerto Montt, Chile<\/h5>\n<p>La planta de procesamiento est\u00e1 ubicada en una de las \u00e1reas de producci\u00f3n de salm\u00f3n m\u00e1s importantes del mundo. Dos tumblers &#8216;Ecomas&#8217; suministrados por TECNOTRANS, con una capacidad de 500 ltrs. cada uno, se usan para la producci\u00f3n de filetes de salm\u00f3n marinado.[\/vc_column_text][\/vc_column_inner][\/vc_row_inner][vc_row_inner equal_height=&#8221;yes&#8221; gap=&#8221;15&#8243; css=&#8221;.vc_custom_1511876613964{padding-top: 0px !important;padding-bottom: 0px !important;}&#8221;][vc_column_inner width=&#8221;1\/2&#8243; css=&#8221;.vc_custom_1511443652496{background-color: #f5f5f5 !important;}&#8221;][vc_column_text]<\/p>\n<h4>Macello S.A. (matadero de cerdos y ganado)<\/h4>\n<h5><img loading=\"lazy\" decoding=\"async\" class=\"alignleft size-full wp-image-1340\" src=\"\/wp-content\/uploads\/2017\/11\/200px-Flag_of_Panama.svg.png\" alt=\"\" width=\"40\" height=\"24\" \/>Panam\u00e1, Rep. De Panam\u00e1<\/h5>\n<p>Un separador de tornillo sinfin se utiliza para separar los s\u00f3lidos de la l\u00ednea roja y verde. Al mismo tiempo, la m\u00e1quina deshidrata los s\u00f3lidos apretandolos a trav\u00e9s de una malla cil\u00edndrica.[\/vc_column_text][\/vc_column_inner][vc_column_inner width=&#8221;1\/2&#8243; css=&#8221;.vc_custom_1511443658964{background-color: #f5f5f5 !important;}&#8221;][vc_column_text]<\/p>\n<h4>La Italiana (producci\u00f3n de cerdos)<\/h4>\n<h5><img loading=\"lazy\" decoding=\"async\" class=\"alignleft size-full wp-image-1340\" src=\"\/wp-content\/uploads\/2017\/12\/200px-Flag_of_Ecuador.svg.png\" alt=\"\" width=\"40\" height=\"24\" \/>Cuenca, Ecuador<\/h5>\n<p>Empleo de un separador de s\u00f3lidos para el tratamiento del esti\u00e9rcol l\u00edquido. El objetivo principal de cumplir con las normas ambientales, se logra hacer de la siguiente manera beneficiosa.[\/vc_column_text][\/vc_column_inner][\/vc_row_inner][vc_row_inner equal_height=&#8221;yes&#8221; gap=&#8221;15&#8243; css=&#8221;.vc_custom_1511876613964{padding-top: 0px !important;padding-bottom: 0px !important;}&#8221;][vc_column_inner width=&#8221;1\/2&#8243; css=&#8221;.vc_custom_1511443652496{background-color: #f5f5f5 !important;}&#8221;][vc_column_text]<\/p>\n<h4>Cervalle &#8211; Cerdos del Valle SA, Colombia (planta procesadora de carne)<\/h4>\n<h5><img loading=\"lazy\" decoding=\"async\" class=\"alignleft size-full wp-image-1340\" src=\"\/wp-content\/uploads\/2017\/11\/200px-Flag_of_Colombia.svg.png\" alt=\"\" width=\"40\" height=\"24\" \/>Cali, Colombia<\/h5>\n<p>Descuerado \/ Descortezado de carne de cerdo con m\u00e1quina descortezadora autom\u00e1tica, para piezas grandes de carne de cerdo. Adem\u00e1s dos m\u00e1quinas desmembradoras.[\/vc_column_text][\/vc_column_inner][vc_column_inner width=&#8221;1\/2&#8243; css=&#8221;.vc_custom_1511443658964{background-color: #f5f5f5 !important;}&#8221;][vc_column_text]<\/p>\n<h4>Alimentos El Tunal<\/h4>\n<h5><img loading=\"lazy\" decoding=\"async\" class=\"alignleft size-full wp-image-1340\" src=\"\/wp-content\/uploads\/2017\/11\/200px-Flag_of_Venezuela.svg.png\" alt=\"\" width=\"40\" height=\"24\" \/>Barquisimeto, Venezuela<\/h5>\n<p>L\u00ednea de despiece con l\u00ednea de transporte autom\u00e1tico de cajas.[\/vc_column_text][\/vc_column_inner][\/vc_row_inner][vc_row_inner equal_height=&#8221;yes&#8221; gap=&#8221;15&#8243; css=&#8221;.vc_custom_1511876613964{padding-top: 0px !important;padding-bottom: 0px !important;}&#8221;][vc_column_inner width=&#8221;1\/2&#8243; css=&#8221;.vc_custom_1511443652496{background-color: #f5f5f5 !important;}&#8221;][vc_column_text]<\/p>\n<h4>PMT (planta procesadora y exportadora de pescado)<\/h4>\n<h5><img loading=\"lazy\" decoding=\"async\" class=\"alignleft size-full wp-image-1340\" src=\"\/wp-content\/uploads\/2017\/11\/200px-Flag_of_Costa_Rica.svg.png\" alt=\"\" width=\"40\" height=\"24\" \/>San Jos\u00e9, Costa Rica<\/h5>\n<p>La compa\u00f1\u00eda emplea una m\u00e1quina despieladora de pescado totalmente autom\u00e1tica, principalmente para procesar Mahi Mahi, Corvina La m\u00e1quina permite procesar altas capacidades de hasta aprox. 3.000 kgs \/ h[\/vc_column_text][\/vc_column_inner][vc_column_inner width=&#8221;1\/2&#8243; css=&#8221;.vc_custom_1511443658964{background-color: #f5f5f5 !important;}&#8221;][vc_column_text]<\/p>\n<h4>Copacol &#8211; Coop. Agroind. Consolata<\/h4>\n<h5><img loading=\"lazy\" decoding=\"async\" class=\"alignleft size-full wp-image-1340\" src=\"\/wp-content\/uploads\/2017\/11\/200px-Flag_of_Brazil.svg.png\" alt=\"\" width=\"40\" height=\"24\" \/>Nova Aurora, Paran\u00e1, Brasil<\/h5>\n<p>Planta moderna procesadora de pescado: Despellejado \/ Despielado de tilapia con m\u00e1quinas autom\u00e1ticas provistas con bandas de alimentaci\u00f3n.[\/vc_column_text][\/vc_column_inner][\/vc_row_inner][vc_row_inner equal_height=&#8221;yes&#8221; gap=&#8221;15&#8243; css=&#8221;.vc_custom_1510334458851{padding-top: 0px !important;padding-bottom: 20px !important;}&#8221;][vc_column_inner width=&#8221;1\/2&#8243; css=&#8221;.vc_custom_1511443652496{background-color: #f5f5f5 !important;}&#8221;][vc_column_text]<\/p>\n<h4>Belmont Sausage Company<\/h4>\n<h5><img loading=\"lazy\" decoding=\"async\" class=\"alignleft size-full wp-image-1340\" src=\"\/wp-content\/uploads\/2017\/11\/200px-Flag_of_the_United_States.svg.png\" alt=\"\" width=\"40\" height=\"24\" \/>Elk Grove Village, Il., Estados Unidos<\/h5>\n<p>Rebanadora \/ longeadora de alta eficiencia para cortar rebanadas de carne de res y cerdo.[\/vc_column_text][\/vc_column_inner][vc_column_inner width=&#8221;1\/2&#8243; css=&#8221;.vc_custom_1511443658964{background-color: #f5f5f5 !important;}&#8221;][vc_column_text]<\/p>\n<h4>Empacadores de carne<\/h4>\n<h5><img loading=\"lazy\" decoding=\"async\" class=\"alignleft size-full wp-image-1340\" src=\"\/wp-content\/uploads\/2017\/11\/64px-Flag_of_Mexico.svg.png\" alt=\"\" width=\"40\" height=\"24\" \/>Ciudad Ju\u00e1rez, Chihuahua, M\u00e9xico<\/h5>\n<p>Descortezadora extra ancha abierta para descortezar jam\u00f3n con hueso y jam\u00f3n sin hueso. Permite un proceso r\u00e1pido con una excelente presentaci\u00f3n del producto final.[\/vc_column_text][\/vc_column_inner][\/vc_row_inner][\/vc_column][\/vc_row]<\/p>\n<\/section>","protected":false},"excerpt":{"rendered":"<p>[vc_row full_width=&#8221;stretch_row&#8221; css=&#8221;.vc_custom_1513089644037{padding-top: 50px !important;padding-bottom: 20px !important;}&#8221;][vc_column][vc_column_text] Referencias [\/vc_column_text][vc_row_inner equal_height=&#8221;yes&#8221; gap=&#8221;15&#8243; css=&#8221;.vc_custom_1511876613964{padding-top: 0px !important;padding-bottom: 0px !important;}&#8221;][vc_column_inner width=&#8221;1\/2&#8243; css=&#8221;.vc_custom_1511443652496{background-color: #f5f5f5 !important;}&#8221;][vc_column_text] Beske &amp; Partner \/ Planta procesadora de papas y vegetales &#8230;<\/p>\n","protected":false},"author":3,"featured_media":24,"parent":0,"menu_order":0,"comment_status":"closed","ping_status":"closed","template":"","meta":{"footnotes":""},"class_list":["post-8","page","type-page","status-publish","has-post-thumbnail","hentry"],"translation":{"provider":"WPGlobus","version":"3.0.2","language":"es","enabled_languages":["de","en","es"],"languages":{"de":{"title":true,"content":true,"excerpt":false},"en":{"title":true,"content":true,"excerpt":false},"es":{"title":true,"content":true,"excerpt":false}}},"_links":{"self":[{"href":"https:\/\/tecnotrans-sa.com\/es\/wp-json\/wp\/v2\/pages\/8"}],"collection":[{"href":"https:\/\/tecnotrans-sa.com\/es\/wp-json\/wp\/v2\/pages"}],"about":[{"href":"https:\/\/tecnotrans-sa.com\/es\/wp-json\/wp\/v2\/types\/page"}],"author":[{"embeddable":true,"href":"https:\/\/tecnotrans-sa.com\/es\/wp-json\/wp\/v2\/users\/3"}],"replies":[{"embeddable":true,"href":"https:\/\/tecnotrans-sa.com\/es\/wp-json\/wp\/v2\/comments?post=8"}],"version-history":[{"count":78,"href":"https:\/\/tecnotrans-sa.com\/es\/wp-json\/wp\/v2\/pages\/8\/revisions"}],"predecessor-version":[{"id":2590,"href":"https:\/\/tecnotrans-sa.com\/es\/wp-json\/wp\/v2\/pages\/8\/revisions\/2590"}],"wp:featuredmedia":[{"embeddable":true,"href":"https:\/\/tecnotrans-sa.com\/es\/wp-json\/wp\/v2\/media\/24"}],"wp:attachment":[{"href":"https:\/\/tecnotrans-sa.com\/es\/wp-json\/wp\/v2\/media?parent=8"}],"curies":[{"name":"wp","href":"https:\/\/api.w.org\/{rel}","templated":true}]}}